{"id":20161,"date":"2025-08-29T11:47:13","date_gmt":"2025-08-29T09:47:13","guid":{"rendered":"https:\/\/amicreative.net\/?page_id=20161"},"modified":"2025-09-22T22:16:46","modified_gmt":"2025-09-22T20:16:46","slug":"design-graphique","status":"publish","type":"page","link":"https:\/\/amicreative.net\/index.php\/design-graphique\/","title":{"rendered":"Design graphique"},"content":{"rendered":"\t\t<div data-elementor-type=\"wp-post\" data-elementor-id=\"20161\" class=\"elementor elementor-20161\" data-elementor-post-type=\"page\">\n\t\t\t\t\t\t<section class=\"elementor-section elementor-top-section elementor-element elementor-element-fdd4676 elementor-section-content-middle elementor-section-boxed elementor-section-height-default elementor-section-height-default\" data-id=\"fdd4676\" data-element_type=\"section\" data-settings=\"{&quot;background_background&quot;:&quot;classic&quot;}\">\n\t\t\t\t\t\t\t<div class=\"elementor-background-overlay\"><\/div>\n\t\t\t\t\t\t\t<div class=\"elementor-container elementor-column-gap-default\">\n\t\t\t\t\t<div class=\"elementor-column elementor-col-50 elementor-top-column elementor-element elementor-element-178ac8e\" data-id=\"178ac8e\" data-element_type=\"column\" data-settings=\"{&quot;background_background&quot;:&quot;classic&quot;}\">\n\t\t\t<div class=\"elementor-widget-wrap elementor-element-populated\">\n\t\t\t\t\t\t<div class=\"elementor-element-custom_font_size elementor-element-custom_font_weight elementor-element elementor-element-65b4571 elementor-invisible elementor-widget elementor-widget-text-editor\" data-id=\"65b4571\" data-element_type=\"widget\" data-settings=\"{&quot;_animation&quot;:&quot;gt3-slideup-animation&quot;}\" data-widget_type=\"text-editor.default\">\n\t\t\t\t<div class=\"elementor-widget-container\">\n\t\t\t\t\t\t\t\t\t<h1>Design graphique<\/h1>\t\t\t\t\t\t\t\t<\/div>\n\t\t\t\t<\/div>\n\t\t\t\t<div class=\"elementor-element elementor-element-1a639ed elementor-invisible elementor-widget elementor-widget-heading\" data-id=\"1a639ed\" data-element_type=\"widget\" data-settings=\"{&quot;_animation&quot;:&quot;gt3-slideup-animation&quot;}\" data-widget_type=\"heading.default\">\n\t\t\t\t<div class=\"elementor-widget-container\">\n\t\t\t\t\t<h2 class=\"elementor-heading-title elementor-size-default\">R\u00e9inventez Votre Identit\u00e9 Visuelle avec Expertise et Cr\u00e9ativit\u00e9<\/h2>\t\t\t\t<\/div>\n\t\t\t\t<\/div>\n\t\t\t\t<div class=\"elementor-element-custom_font_size elementor-element-custom_line_height elementor-element elementor-element-0e1ef8e elementor-widget elementor-widget-text-editor\" data-id=\"0e1ef8e\" data-element_type=\"widget\" data-widget_type=\"text-editor.default\">\n\t\t\t\t<div class=\"elementor-widget-container\">\n\t\t\t\t\t\t\t\t\t<p>Nous transformons vos id\u00e9es en exp\u00e9riences visuelles inoubliables. Gr\u00e2ce \u00e0 un design graphique innovant et une approche strat\u00e9gique, nous mettons en lumi\u00e8re vos valeurs, vos produits et votre vision de mani\u00e8re unique.<\/p><p data-start=\"491\" data-end=\"732\"><strong data-start=\"491\" data-end=\"510\">Notre mission ?<\/strong> Cr\u00e9er des designs qui racontent votre histoire. Que ce soit pour une campagne publicitaire, un site web, une identit\u00e9 visuelle ou tout autre projet de communication, nous vous accompagnons pour faire briller votre marque.<\/p><ul><li data-start=\"734\" data-end=\"764\"><strong data-start=\"734\" data-end=\"764\">Cr\u00e9ativit\u00e9<\/strong> : Chaque projet est une nouvelle occasion d\u2019innover.<\/li><li data-start=\"837\" data-end=\"907\"><strong data-start=\"837\" data-end=\"857\">Personnalisation<\/strong> : Un design qui vous ressemble, pens\u00e9 sur mesure.<\/li><li data-start=\"910\" data-end=\"983\"><strong data-start=\"910\" data-end=\"924\">Excellence<\/strong> : Des r\u00e9sultats \u00e0 la hauteur de vos attentes et bien plus.<\/li><\/ul>\t\t\t\t\t\t\t\t<\/div>\n\t\t\t\t<\/div>\n\t\t\t\t<div class=\"gt3-core-button--alignment_center elementor-element elementor-element-54b13a3 elementor-widget__width-initial elementor-widget elementor-widget-gt3-core-button\" data-id=\"54b13a3\" data-element_type=\"widget\" data-widget_type=\"gt3-core-button.default\">\n\t\t\t\t<div class=\"elementor-widget-container\">\n\t\t\t\t\t\t<div class=\"gt3_module_button_elementor size_custom alignment_center button_icon_none hover_none rounded\">\r\n\t\t<a class=\"button_size_elementor_custom alignment_center border_icon_none hover_none btn_icon_position_left\" href=\"#\">\r\n\t\t\t\t<span class=\"gt3_module_button__container\">\r\n\t\t\t\t\t\t\t\t\t\t\t<span class=\"gt3_module_button__cover front\"><span class=\"elementor_gt3_btn_text\">Demandez votre devis gratuit<\/span><\/span>\r\n\t\t\t\t\t\t\t\t\t\t\t\t\t\t\t<\/span>\r\n\t\t<\/a>\r\n\t<\/div>\r\n\r\n<script type=\"application\/json\" id=\"settings--54b13a3\">[]<\/script>\t\t\t\t<\/div>\n\t\t\t\t<\/div>\n\t\t\t\t\t<\/div>\n\t\t<\/div>\n\t\t\t\t<div class=\"elementor-column elementor-col-50 elementor-top-column elementor-element elementor-element-90c5db6\" data-id=\"90c5db6\" data-element_type=\"column\">\n\t\t\t<div class=\"elementor-widget-wrap elementor-element-populated\">\n\t\t\t\t\t\t<div class=\"elementor-element elementor-element-56dee8e elementor-widget__width-initial elementor-widget elementor-widget-image\" data-id=\"56dee8e\" data-element_type=\"widget\" data-widget_type=\"image.default\">\n\t\t\t\t<div class=\"elementor-widget-container\">\n\t\t\t\t\t\t\t\t\t\t\t\t\t\t\t<img fetchpriority=\"high\" decoding=\"async\" width=\"940\" height=\"552\" src=\"https:\/\/amicreative.net\/wp-content\/uploads\/2025\/08\/design-graphique2-1024x601.png\" class=\"attachment-large size-large wp-image-20176\" alt=\"\" srcset=\"https:\/\/amicreative.net\/wp-content\/uploads\/2025\/08\/design-graphique2-1024x601.png 1024w, https:\/\/amicreative.net\/wp-content\/uploads\/2025\/08\/design-graphique2-300x176.png 300w, https:\/\/amicreative.net\/wp-content\/uploads\/2025\/08\/design-graphique2-768x451.png 768w, https:\/\/amicreative.net\/wp-content\/uploads\/2025\/08\/design-graphique2-480x282.png 480w, https:\/\/amicreative.net\/wp-content\/uploads\/2025\/08\/design-graphique2.png 1134w\" sizes=\"(max-width: 940px) 100vw, 940px\" title=\"design-graphique2\" \/>\t\t\t\t\t\t\t\t\t\t\t\t\t\t\t<\/div>\n\t\t\t\t<\/div>\n\t\t\t\t\t<\/div>\n\t\t<\/div>\n\t\t\t\t\t<\/div>\n\t\t<\/section>\n\t\t\t\t<\/div>\n\t\t","protected":false},"excerpt":{"rendered":"<p>Design graphique R\u00e9inventez Votre Identit\u00e9 Visuelle avec Expertise et Cr\u00e9ativit\u00e9 Nous transformons vos id\u00e9es en exp\u00e9riences visuelles inoubliables. Gr\u00e2ce \u00e0 un design graphique innovant et une approche strat\u00e9gique, nous mettons en lumi\u00e8re vos valeurs, vos produits et votre vision de mani\u00e8re unique. Notre mission ? Cr\u00e9er des designs qui racontent votre histoire. Que ce soit [&hellip;]<\/p>\n","protected":false},"author":1,"featured_media":0,"parent":0,"menu_order":0,"comment_status":"closed","ping_status":"closed","template":"","meta":{"footnotes":""},"class_list":["post-20161","page","type-page","status-publish","hentry"],"_links":{"self":[{"href":"https:\/\/amicreative.net\/index.php\/wp-json\/wp\/v2\/pages\/20161","targetHints":{"allow":["GET"]}}],"collection":[{"href":"https:\/\/amicreative.net\/index.php\/wp-json\/wp\/v2\/pages"}],"about":[{"href":"https:\/\/amicreative.net\/index.php\/wp-json\/wp\/v2\/types\/page"}],"author":[{"embeddable":true,"href":"https:\/\/amicreative.net\/index.php\/wp-json\/wp\/v2\/users\/1"}],"replies":[{"embeddable":true,"href":"https:\/\/amicreative.net\/index.php\/wp-json\/wp\/v2\/comments?post=20161"}],"version-history":[{"count":34,"href":"https:\/\/amicreative.net\/index.php\/wp-json\/wp\/v2\/pages\/20161\/revisions"}],"predecessor-version":[{"id":20388,"href":"https:\/\/amicreative.net\/index.php\/wp-json\/wp\/v2\/pages\/20161\/revisions\/20388"}],"wp:attachment":[{"href":"https:\/\/amicreative.net\/index.php\/wp-json\/wp\/v2\/media?parent=20161"}],"curies":[{"name":"wp","href":"https:\/\/api.w.org\/{rel}","templated":true}]}}