{"id":20202,"date":"2025-08-29T13:55:39","date_gmt":"2025-08-29T11:55:39","guid":{"rendered":"https:\/\/amicreative.net\/?page_id=20202"},"modified":"2025-11-27T11:12:21","modified_gmt":"2025-11-27T10:12:21","slug":"developpement-dapplications","status":"publish","type":"page","link":"https:\/\/amicreative.net\/index.php\/developpement-dapplications\/","title":{"rendered":"D\u00e9veloppement d\u2019applications"},"content":{"rendered":"\t\t<div data-elementor-type=\"wp-post\" data-elementor-id=\"20202\" class=\"elementor elementor-20202\" data-elementor-post-type=\"page\">\n\t\t\t\t\t\t<section class=\"elementor-section elementor-top-section elementor-element elementor-element-fdd4676 elementor-section-content-middle elementor-section-boxed elementor-section-height-default elementor-section-height-default\" data-id=\"fdd4676\" data-element_type=\"section\" data-settings=\"{&quot;background_background&quot;:&quot;classic&quot;}\">\n\t\t\t\t\t\t\t<div class=\"elementor-background-overlay\"><\/div>\n\t\t\t\t\t\t\t<div class=\"elementor-container elementor-column-gap-default\">\n\t\t\t\t\t<div class=\"elementor-column elementor-col-50 elementor-top-column elementor-element elementor-element-178ac8e\" data-id=\"178ac8e\" data-element_type=\"column\" data-settings=\"{&quot;background_background&quot;:&quot;classic&quot;}\">\n\t\t\t<div class=\"elementor-widget-wrap elementor-element-populated\">\n\t\t\t\t\t\t<div class=\"elementor-element elementor-element-1a639ed elementor-invisible elementor-widget elementor-widget-heading\" data-id=\"1a639ed\" data-element_type=\"widget\" data-settings=\"{&quot;_animation&quot;:&quot;gt3-slideup-animation&quot;}\" data-widget_type=\"heading.default\">\n\t\t\t\t<div class=\"elementor-widget-container\">\n\t\t\t\t\t<h2 class=\"elementor-heading-title elementor-size-default\">Cr\u00e9ation et D\u00e9veloppement de Solutions Mobiles et Web Performantes<\/h2>\t\t\t\t<\/div>\n\t\t\t\t<\/div>\n\t\t\t\t<div class=\"elementor-element-custom_font_size elementor-element-custom_line_height elementor-element elementor-element-0e1ef8e elementor-widget elementor-widget-text-editor\" data-id=\"0e1ef8e\" data-element_type=\"widget\" data-widget_type=\"text-editor.default\">\n\t\t\t\t<div class=\"elementor-widget-container\">\n\t\t\t\t\t\t\t\t\t<p data-start=\"185\" data-end=\"531\">Nous d\u00e9veloppons des applications mobiles et web sur mesure qui r\u00e9pondent aux besoins sp\u00e9cifiques de votre entreprise. Que vous ayez besoin d\u2019une application mobile, d&rsquo;une plateforme web complexe ou d\u2019une solution SaaS, nous vous accompagnons dans la cr\u00e9ation d&rsquo;outils num\u00e9riques performants et adapt\u00e9s \u00e0 vos objectifs business.<\/p><h3 data-start=\"533\" data-end=\"579\"><strong data-start=\"537\" data-end=\"579\">Nos Engagements pour Votre Application :<\/strong><\/h3><p data-start=\"583\" data-end=\"848\"><strong data-start=\"583\" data-end=\"611\">D\u00e9veloppement sur-mesure<\/strong> : Chaque projet d\u00e9bute par une compr\u00e9hension approfondie de vos besoins. Nous cr\u00e9ons des applications sur mesure, adapt\u00e9es \u00e0 vos objectifs strat\u00e9giques.<\/p><p data-start=\"854\" data-end=\"1141\"><strong data-start=\"854\" data-end=\"880\">Technologies de pointe<\/strong> : Nous utilisons les derni\u00e8res technologies pour garantir des performances optimales, une s\u00e9curit\u00e9 renforc\u00e9e et une \u00e9volutivit\u00e9 \u00e0 long terme.\u00a0<\/p><p data-start=\"1147\" data-end=\"1411\"><strong data-start=\"1147\" data-end=\"1181\">Exp\u00e9rience Utilisateur (UX\/UI)<\/strong> : L\u2019interface de votre application est con\u00e7ue pour offrir une exp\u00e9rience fluide et intuitive \u00e0 vos utilisateurs.<\/p><p data-start=\"1415\" data-end=\"1639\"><strong data-start=\"1415\" data-end=\"1440\">S\u00e9curit\u00e9 et fiabilit\u00e9<\/strong> : La s\u00e9curit\u00e9 est au c\u0153ur de nos pr\u00e9occupations. Nous veillons \u00e0 ce que votre application soit prot\u00e9g\u00e9e contre les risques externes tout en garantissant une stabilit\u00e9 maximale pour vos utilisateurs.<\/p>\t\t\t\t\t\t\t\t<\/div>\n\t\t\t\t<\/div>\n\t\t\t\t<div class=\"gt3-core-button--alignment_center elementor-element elementor-element-0c40f2e elementor-widget__width-initial elementor-widget elementor-widget-gt3-core-button\" data-id=\"0c40f2e\" data-element_type=\"widget\" data-widget_type=\"gt3-core-button.default\">\n\t\t\t\t<div class=\"elementor-widget-container\">\n\t\t\t\t\t\t<div class=\"gt3_module_button_elementor size_custom alignment_center button_icon_none hover_none rounded\">\r\n\t\t<a class=\"button_size_elementor_custom alignment_center border_icon_none hover_none btn_icon_position_left\" href=\"#\">\r\n\t\t\t\t<span class=\"gt3_module_button__container\">\r\n\t\t\t\t\t\t\t\t\t\t\t<span class=\"gt3_module_button__cover front\"><span class=\"elementor_gt3_btn_text\">Demandez votre devis gratuit<\/span><\/span>\r\n\t\t\t\t\t\t\t\t\t\t\t\t\t\t\t<\/span>\r\n\t\t<\/a>\r\n\t<\/div>\r\n\r\n<script type=\"application\/json\" id=\"settings--0c40f2e\">[]<\/script>\t\t\t\t<\/div>\n\t\t\t\t<\/div>\n\t\t\t\t\t<\/div>\n\t\t<\/div>\n\t\t\t\t<div class=\"elementor-column elementor-col-50 elementor-top-column elementor-element elementor-element-90c5db6\" data-id=\"90c5db6\" data-element_type=\"column\">\n\t\t\t<div class=\"elementor-widget-wrap elementor-element-populated\">\n\t\t\t\t\t\t<div class=\"elementor-element elementor-element-56dee8e elementor-widget__width-initial elementor-widget elementor-widget-image\" data-id=\"56dee8e\" data-element_type=\"widget\" data-widget_type=\"image.default\">\n\t\t\t\t<div class=\"elementor-widget-container\">\n\t\t\t\t\t\t\t\t\t\t\t\t\t\t\t<img fetchpriority=\"high\" decoding=\"async\" width=\"940\" height=\"640\" src=\"https:\/\/amicreative.net\/wp-content\/uploads\/2025\/08\/creation-site-web-1024x697.png\" class=\"attachment-large size-large wp-image-20198\" alt=\"\" srcset=\"https:\/\/amicreative.net\/wp-content\/uploads\/2025\/08\/creation-site-web-1024x697.png 1024w, https:\/\/amicreative.net\/wp-content\/uploads\/2025\/08\/creation-site-web-300x204.png 300w, https:\/\/amicreative.net\/wp-content\/uploads\/2025\/08\/creation-site-web-768x523.png 768w, https:\/\/amicreative.net\/wp-content\/uploads\/2025\/08\/creation-site-web-480x327.png 480w, https:\/\/amicreative.net\/wp-content\/uploads\/2025\/08\/creation-site-web.png 1131w\" sizes=\"(max-width: 940px) 100vw, 940px\" title=\"creation-site-web\" \/>\t\t\t\t\t\t\t\t\t\t\t\t\t\t\t<\/div>\n\t\t\t\t<\/div>\n\t\t\t\t\t<\/div>\n\t\t<\/div>\n\t\t\t\t\t<\/div>\n\t\t<\/section>\n\t\t\t\t<\/div>\n\t\t","protected":false},"excerpt":{"rendered":"<p>Cr\u00e9ation et D\u00e9veloppement de Solutions Mobiles et Web Performantes Nous d\u00e9veloppons des applications mobiles et web sur mesure qui r\u00e9pondent aux besoins sp\u00e9cifiques de votre entreprise. Que vous ayez besoin d\u2019une application mobile, d&rsquo;une plateforme web complexe ou d\u2019une solution SaaS, nous vous accompagnons dans la cr\u00e9ation d&rsquo;outils num\u00e9riques performants et adapt\u00e9s \u00e0 vos objectifs [&hellip;]<\/p>\n","protected":false},"author":1,"featured_media":0,"parent":0,"menu_order":0,"comment_status":"closed","ping_status":"closed","template":"","meta":{"footnotes":""},"class_list":["post-20202","page","type-page","status-publish","hentry"],"_links":{"self":[{"href":"https:\/\/amicreative.net\/index.php\/wp-json\/wp\/v2\/pages\/20202","targetHints":{"allow":["GET"]}}],"collection":[{"href":"https:\/\/amicreative.net\/index.php\/wp-json\/wp\/v2\/pages"}],"about":[{"href":"https:\/\/amicreative.net\/index.php\/wp-json\/wp\/v2\/types\/page"}],"author":[{"embeddable":true,"href":"https:\/\/amicreative.net\/index.php\/wp-json\/wp\/v2\/users\/1"}],"replies":[{"embeddable":true,"href":"https:\/\/amicreative.net\/index.php\/wp-json\/wp\/v2\/comments?post=20202"}],"version-history":[{"count":16,"href":"https:\/\/amicreative.net\/index.php\/wp-json\/wp\/v2\/pages\/20202\/revisions"}],"predecessor-version":[{"id":20601,"href":"https:\/\/amicreative.net\/index.php\/wp-json\/wp\/v2\/pages\/20202\/revisions\/20601"}],"wp:attachment":[{"href":"https:\/\/amicreative.net\/index.php\/wp-json\/wp\/v2\/media?parent=20202"}],"curies":[{"name":"wp","href":"https:\/\/api.w.org\/{rel}","templated":true}]}}