{"id":20203,"date":"2025-08-29T20:26:44","date_gmt":"2025-08-29T18:26:44","guid":{"rendered":"https:\/\/amicreative.net\/?page_id=20203"},"modified":"2025-11-27T11:10:32","modified_gmt":"2025-11-27T10:10:32","slug":"digital-marketing","status":"publish","type":"page","link":"https:\/\/amicreative.net\/index.php\/digital-marketing\/","title":{"rendered":"Digital marketing"},"content":{"rendered":"\t\t<div data-elementor-type=\"wp-post\" data-elementor-id=\"20203\" class=\"elementor elementor-20203\" data-elementor-post-type=\"page\">\n\t\t\t\t\t\t<section class=\"elementor-section elementor-top-section elementor-element elementor-element-fdd4676 elementor-section-content-middle elementor-section-boxed elementor-section-height-default elementor-section-height-default\" data-id=\"fdd4676\" data-element_type=\"section\" data-settings=\"{&quot;background_background&quot;:&quot;classic&quot;}\">\n\t\t\t\t\t\t\t<div class=\"elementor-background-overlay\"><\/div>\n\t\t\t\t\t\t\t<div class=\"elementor-container elementor-column-gap-default\">\n\t\t\t\t\t<div class=\"elementor-column elementor-col-50 elementor-top-column elementor-element elementor-element-178ac8e\" data-id=\"178ac8e\" data-element_type=\"column\" data-settings=\"{&quot;background_background&quot;:&quot;classic&quot;}\">\n\t\t\t<div class=\"elementor-widget-wrap elementor-element-populated\">\n\t\t\t\t\t\t<div class=\"elementor-element elementor-element-1a639ed elementor-invisible elementor-widget elementor-widget-heading\" data-id=\"1a639ed\" data-element_type=\"widget\" data-settings=\"{&quot;_animation&quot;:&quot;gt3-slideup-animation&quot;}\" data-widget_type=\"heading.default\">\n\t\t\t\t<div class=\"elementor-widget-container\">\n\t\t\t\t\t<h2 class=\"elementor-heading-title elementor-size-default\">Acc\u00e9l\u00e9rez votre croissance en ligne<\/h2>\t\t\t\t<\/div>\n\t\t\t\t<\/div>\n\t\t\t\t<div class=\"elementor-element-custom_font_size elementor-element-custom_line_height elementor-element elementor-element-0e1ef8e elementor-widget elementor-widget-text-editor\" data-id=\"0e1ef8e\" data-element_type=\"widget\" data-widget_type=\"text-editor.default\">\n\t\t\t\t<div class=\"elementor-widget-container\">\n\t\t\t\t\t\t\t\t\t<p>Amicr\u00e9ative con\u00e7oit des strat\u00e9gies digitales personnalis\u00e9es pour transformer votre pr\u00e9sence en ligne en r\u00e9sultats mesurables. Gr\u00e2ce \u00e0 un contenu impactant, un ciblage intelligent et une optimisation continue, nous cr\u00e9ons un \u00e9cosyst\u00e8me digital performant, con\u00e7u pour augmenter vos ventes, votre notori\u00e9t\u00e9 et votre impact global.<\/p>\t\t\t\t\t\t\t\t<\/div>\n\t\t\t\t<\/div>\n\t\t\t\t\t<\/div>\n\t\t<\/div>\n\t\t\t\t<div class=\"elementor-column elementor-col-50 elementor-top-column elementor-element elementor-element-90c5db6\" data-id=\"90c5db6\" data-element_type=\"column\">\n\t\t\t<div class=\"elementor-widget-wrap elementor-element-populated\">\n\t\t\t\t\t\t<div class=\"elementor-element elementor-element-56dee8e elementor-widget__width-initial elementor-widget elementor-widget-image\" data-id=\"56dee8e\" data-element_type=\"widget\" data-widget_type=\"image.default\">\n\t\t\t\t<div class=\"elementor-widget-container\">\n\t\t\t\t\t\t\t\t\t\t\t\t\t\t\t<img fetchpriority=\"high\" decoding=\"async\" width=\"940\" height=\"552\" src=\"https:\/\/amicreative.net\/wp-content\/uploads\/2025\/08\/design-graphique2-1024x601.png\" class=\"attachment-large size-large wp-image-20176\" alt=\"\" srcset=\"https:\/\/amicreative.net\/wp-content\/uploads\/2025\/08\/design-graphique2-1024x601.png 1024w, https:\/\/amicreative.net\/wp-content\/uploads\/2025\/08\/design-graphique2-300x176.png 300w, https:\/\/amicreative.net\/wp-content\/uploads\/2025\/08\/design-graphique2-768x451.png 768w, https:\/\/amicreative.net\/wp-content\/uploads\/2025\/08\/design-graphique2-480x282.png 480w, https:\/\/amicreative.net\/wp-content\/uploads\/2025\/08\/design-graphique2.png 1134w\" sizes=\"(max-width: 940px) 100vw, 940px\" title=\"design-graphique2\" \/>\t\t\t\t\t\t\t\t\t\t\t\t\t\t\t<\/div>\n\t\t\t\t<\/div>\n\t\t\t\t\t<\/div>\n\t\t<\/div>\n\t\t\t\t\t<\/div>\n\t\t<\/section>\n\t\t\t\t<section class=\"elementor-section elementor-top-section elementor-element elementor-element-529b2e7 elementor-section-boxed elementor-section-height-default elementor-section-height-default\" data-id=\"529b2e7\" data-element_type=\"section\">\n\t\t\t\t\t\t<div class=\"elementor-container elementor-column-gap-default\">\n\t\t\t\t\t<div class=\"elementor-column elementor-col-100 elementor-top-column elementor-element elementor-element-0f38485\" data-id=\"0f38485\" data-element_type=\"column\">\n\t\t\t<div class=\"elementor-widget-wrap elementor-element-populated\">\n\t\t\t\t\t\t<section class=\"elementor-section elementor-inner-section elementor-element elementor-element-9bb2edc elementor-section-boxed elementor-section-height-default elementor-section-height-default\" data-id=\"9bb2edc\" data-element_type=\"section\">\n\t\t\t\t\t\t<div class=\"elementor-container elementor-column-gap-extended\">\n\t\t\t\t\t<div class=\"elementor-column elementor-col-33 elementor-inner-column elementor-element elementor-element-3434234\" data-id=\"3434234\" data-element_type=\"column\">\n\t\t\t<div class=\"elementor-widget-wrap elementor-element-populated\">\n\t\t\t\t\t\t<div class=\"elementor-element elementor-element-97258e7 elementor-position-top elementor-vertical-align-top elementor-widget elementor-widget-gt3-core-imagebox\" data-id=\"97258e7\" data-element_type=\"widget\" data-widget_type=\"gt3-core-imagebox.default\">\n\t\t\t\t<div class=\"elementor-widget-container\">\n\t\t\t\t\t<div class=\"gt3-core-imagebox-wrapper elementor-image_icon-position-default\"><figure class=\"gt3-core-imagebox-img\"><img decoding=\"async\" width=\"280\" height=\"240\" src=\"https:\/\/amicreative.net\/wp-content\/uploads\/2019\/07\/img_box_01.png\" class=\"attachment-full size-full wp-image-1019\" alt=\"\" title=\"img_box_01\" \/><\/figure><div class=\"gt3-core-imagebox-content\"><div class=\"gt3-core-imagebox-title\"><h5 class=\"gt3-core-imagebox-title\">Strat\u00e9gie digitale<\/h5><\/div><p class=\"gt3-core-imagebox-description\">Notre approche strat\u00e9gique int\u00e8gre SEO, SEA, SMA, CRM et data analytics. Nous cr\u00e9ons des campagnes publicitaires multicanales, ultra-cibl\u00e9es et mesur\u00e9es avec pr\u00e9cision. Chaque action est pens\u00e9e pour g\u00e9n\u00e9rer un retour sur investissement r\u00e9el, avec des r\u00e9sultats suivis, test\u00e9s et optimis\u00e9s en permanence.<\/p><\/div><\/div>\t\t\t\t<\/div>\n\t\t\t\t<\/div>\n\t\t\t\t\t<\/div>\n\t\t<\/div>\n\t\t\t\t<div class=\"elementor-column elementor-col-33 elementor-inner-column elementor-element elementor-element-6ba8719\" data-id=\"6ba8719\" data-element_type=\"column\">\n\t\t\t<div class=\"elementor-widget-wrap elementor-element-populated\">\n\t\t\t\t\t\t<div class=\"elementor-element elementor-element-a6b63ab elementor-position-top elementor-vertical-align-top elementor-widget elementor-widget-gt3-core-imagebox\" data-id=\"a6b63ab\" data-element_type=\"widget\" data-widget_type=\"gt3-core-imagebox.default\">\n\t\t\t\t<div class=\"elementor-widget-container\">\n\t\t\t\t\t<div class=\"gt3-core-imagebox-wrapper elementor-image_icon-position-default\"><figure class=\"gt3-core-imagebox-img\"><img decoding=\"async\" width=\"270\" height=\"240\" src=\"https:\/\/amicreative.net\/wp-content\/uploads\/2019\/07\/img_box_02.png\" class=\"attachment-full size-full wp-image-1020\" alt=\"\" title=\"img_box_02\" \/><\/figure><div class=\"gt3-core-imagebox-content\"><div class=\"gt3-core-imagebox-title\"><h5 class=\"gt3-core-imagebox-title\">R\u00e9putation digitale<\/h5><\/div><p class=\"gt3-core-imagebox-description\">Nous b\u00e2tissons pour votre marque une r\u00e9putation solide et engageante. \u00c0 travers la gestion des avis, des contenus de qualit\u00e9 et une veille proactive, nous renfor\u00e7ons la perception positive de votre entreprise, favorisons l\u2019interaction et cr\u00e9ons un lien durable avec votre audience cible.<\/p><\/div><\/div>\t\t\t\t<\/div>\n\t\t\t\t<\/div>\n\t\t\t\t\t<\/div>\n\t\t<\/div>\n\t\t\t\t<div class=\"elementor-column elementor-col-33 elementor-inner-column elementor-element elementor-element-d2693c3\" data-id=\"d2693c3\" data-element_type=\"column\">\n\t\t\t<div class=\"elementor-widget-wrap elementor-element-populated\">\n\t\t\t\t\t\t<div class=\"elementor-element elementor-element-b6cdc58 elementor-position-top elementor-vertical-align-top elementor-widget elementor-widget-gt3-core-imagebox\" data-id=\"b6cdc58\" data-element_type=\"widget\" data-widget_type=\"gt3-core-imagebox.default\">\n\t\t\t\t<div class=\"elementor-widget-container\">\n\t\t\t\t\t<div class=\"gt3-core-imagebox-wrapper elementor-image_icon-position-default\"><figure class=\"gt3-core-imagebox-img\"><img loading=\"lazy\" decoding=\"async\" width=\"366\" height=\"240\" src=\"https:\/\/amicreative.net\/wp-content\/uploads\/2019\/07\/img_box_03.png\" class=\"attachment-full size-full wp-image-1021\" alt=\"\" srcset=\"https:\/\/amicreative.net\/wp-content\/uploads\/2019\/07\/img_box_03.png 366w, https:\/\/amicreative.net\/wp-content\/uploads\/2019\/07\/img_box_03-300x197.png 300w\" sizes=\"(max-width: 366px) 100vw, 366px\" title=\"img_box_03\" \/><\/figure><div class=\"gt3-core-imagebox-content\"><div class=\"gt3-core-imagebox-title\"><h5 class=\"gt3-core-imagebox-title\">Branding & cr\u00e9ation visuelle<\/h5><\/div><p class=\"gt3-core-imagebox-description\">Nous cr\u00e9ons une identit\u00e9 visuelle forte, coh\u00e9rente et m\u00e9morable. Logo, charte graphique, visuels, UX\/UI : chaque \u00e9l\u00e9ment refl\u00e8te vos valeurs et votre positionnement. Gr\u00e2ce \u00e0 un design ma\u00eetris\u00e9 et un storytelling visuel impactant, votre marque se distingue durablement dans un march\u00e9 comp\u00e9titif.<\/p><\/div><\/div>\t\t\t\t<\/div>\n\t\t\t\t<\/div>\n\t\t\t\t\t<\/div>\n\t\t<\/div>\n\t\t\t\t\t<\/div>\n\t\t<\/section>\n\t\t\t\t\t<\/div>\n\t\t<\/div>\n\t\t\t\t\t<\/div>\n\t\t<\/section>\n\t\t<div class=\"elementor-element elementor-element-616031b e-flex e-con-boxed e-con e-parent\" data-id=\"616031b\" data-element_type=\"container\">\n\t\t\t\t\t<div class=\"e-con-inner\">\n\t\t\t\t<div class=\"gt3-core-button--alignment_center elementor-element elementor-element-cd1a618 elementor-widget elementor-widget-gt3-core-button\" data-id=\"cd1a618\" data-element_type=\"widget\" data-widget_type=\"gt3-core-button.default\">\n\t\t\t\t<div class=\"elementor-widget-container\">\n\t\t\t\t\t\t<div class=\"gt3_module_button_elementor size_custom alignment_center button_icon_none hover_none rounded\">\r\n\t\t<a class=\"button_size_elementor_custom alignment_center border_icon_none hover_none btn_icon_position_left\" href=\"#\">\r\n\t\t\t\t<span class=\"gt3_module_button__container\">\r\n\t\t\t\t\t\t\t\t\t\t\t<span class=\"gt3_module_button__cover front\"><span class=\"elementor_gt3_btn_text\">Demandez votre devis gratuit<\/span><\/span>\r\n\t\t\t\t\t\t\t\t\t\t\t\t\t\t\t<\/span>\r\n\t\t<\/a>\r\n\t<\/div>\r\n\r\n<script type=\"application\/json\" id=\"settings--cd1a618\">[]<\/script>\t\t\t\t<\/div>\n\t\t\t\t<\/div>\n\t\t\t\t\t<\/div>\n\t\t\t\t<\/div>\n\t\t\t\t<\/div>\n\t\t","protected":false},"excerpt":{"rendered":"<p>Acc\u00e9l\u00e9rez votre croissance en ligne Amicr\u00e9ative con\u00e7oit des strat\u00e9gies digitales personnalis\u00e9es pour transformer votre pr\u00e9sence en ligne en r\u00e9sultats mesurables. Gr\u00e2ce \u00e0 un contenu impactant, un ciblage intelligent et une optimisation continue, nous cr\u00e9ons un \u00e9cosyst\u00e8me digital performant, con\u00e7u pour augmenter vos ventes, votre notori\u00e9t\u00e9 et votre impact global. Strat\u00e9gie digitale Notre approche strat\u00e9gique int\u00e8gre [&hellip;]<\/p>\n","protected":false},"author":1,"featured_media":0,"parent":0,"menu_order":0,"comment_status":"closed","ping_status":"closed","template":"","meta":{"footnotes":""},"class_list":["post-20203","page","type-page","status-publish","hentry"],"_links":{"self":[{"href":"https:\/\/amicreative.net\/index.php\/wp-json\/wp\/v2\/pages\/20203","targetHints":{"allow":["GET"]}}],"collection":[{"href":"https:\/\/amicreative.net\/index.php\/wp-json\/wp\/v2\/pages"}],"about":[{"href":"https:\/\/amicreative.net\/index.php\/wp-json\/wp\/v2\/types\/page"}],"author":[{"embeddable":true,"href":"https:\/\/amicreative.net\/index.php\/wp-json\/wp\/v2\/users\/1"}],"replies":[{"embeddable":true,"href":"https:\/\/amicreative.net\/index.php\/wp-json\/wp\/v2\/comments?post=20203"}],"version-history":[{"count":49,"href":"https:\/\/amicreative.net\/index.php\/wp-json\/wp\/v2\/pages\/20203\/revisions"}],"predecessor-version":[{"id":20592,"href":"https:\/\/amicreative.net\/index.php\/wp-json\/wp\/v2\/pages\/20203\/revisions\/20592"}],"wp:attachment":[{"href":"https:\/\/amicreative.net\/index.php\/wp-json\/wp\/v2\/media?parent=20203"}],"curies":[{"name":"wp","href":"https:\/\/api.w.org\/{rel}","templated":true}]}}